{"id":93,"date":"2020-09-08T16:25:38","date_gmt":"2020-09-08T16:25:38","guid":{"rendered":"http:\/\/prokone.com\/wp\/?page_id=93"},"modified":"2025-08-31T08:11:24","modified_gmt":"2025-08-31T06:11:24","slug":"products","status":"publish","type":"page","link":"https:\/\/prokone.com\/wp\/?page_id=93","title":{"rendered":"Products"},"content":{"rendered":"\n<h3><strong>OUR REPRESENTATIVE PRODUCTS<\/strong>:<\/h3>\n\n\n\n<div class=\"wp-container-1 wp-block-group\"><div class=\"wp-block-group__inner-container\">\n<div class=\"wp-block-columns\">\n<div class=\"wp-block-column\">\n<div style=\"height:103px\" aria-hidden=\"true\" class=\"wp-block-spacer\"><\/div>\n\n\n\n<h3>Jarrer-ty\u00f6tilavalaisimet<\/h3>\n\n\n\n<figure class=\"wp-block-image size-large\"><img loading=\"lazy\" width=\"156\" height=\"72\" src=\"https:\/\/prokone.com\/wp\/wp-content\/uploads\/2020\/12\/jarrer1.gif\" alt=\"\" class=\"wp-image-1859\"\/><\/figure>\n\n\n\n<div style=\"height:104px\" aria-hidden=\"true\" class=\"wp-block-spacer\"><\/div>\n\n\n\n<h3>Dropsa-voiteluj\u00e4rjestelm\u00e4t<\/h3>\n\n\n\n<figure class=\"wp-block-image size-large\"><a href=\"https:\/\/www.dropsa.com\/\"><img loading=\"lazy\" width=\"900\" height=\"164\" src=\"https:\/\/prokone.com\/wp\/wp-content\/uploads\/2020\/12\/dropsa.jpg\" alt=\"\" class=\"wp-image-1860\" srcset=\"https:\/\/prokone.com\/wp\/wp-content\/uploads\/2020\/12\/dropsa.jpg 900w, https:\/\/prokone.com\/wp\/wp-content\/uploads\/2020\/12\/dropsa-300x55.jpg 300w, https:\/\/prokone.com\/wp\/wp-content\/uploads\/2020\/12\/dropsa-768x140.jpg 768w, https:\/\/prokone.com\/wp\/wp-content\/uploads\/2020\/12\/dropsa-600x109.jpg 600w\" sizes=\"(max-width: 900px) 100vw, 900px\" \/><\/a><\/figure>\n\n\n\n<div style=\"height:54px\" aria-hidden=\"true\" class=\"wp-block-spacer\"><\/div>\n<\/div>\n\n\n\n<div class=\"wp-block-column\">\n<h3>Q-Light Valomastot<\/h3>\n\n\n\n<figure class=\"wp-block-image size-large\"><img loading=\"lazy\" width=\"133\" height=\"43\" src=\"https:\/\/prokone.com\/wp\/wp-content\/uploads\/2020\/12\/Q_Light_C.jpg.jpg\" alt=\"\" class=\"wp-image-1854\"\/><\/figure>\n\n\n\n<figure class=\"wp-block-image size-large\"><img loading=\"lazy\" width=\"227\" height=\"222\" src=\"https:\/\/prokone.com\/wp\/wp-content\/uploads\/2020\/12\/Q-LIGHT.jpg\" alt=\"\" class=\"wp-image-1853\"\/><\/figure>\n\n\n\n<h3>Convoyer Saver<\/h3>\n\n\n\n<figure class=\"wp-block-image size-large\"><img loading=\"lazy\" width=\"724\" height=\"1024\" src=\"https:\/\/prokone.com\/wp\/wp-content\/uploads\/2020\/12\/convoyersaver-esite-724x1024.jpg\" alt=\"\" class=\"wp-image-1861\" srcset=\"https:\/\/prokone.com\/wp\/wp-content\/uploads\/2020\/12\/convoyersaver-esite-724x1024.jpg 724w, https:\/\/prokone.com\/wp\/wp-content\/uploads\/2020\/12\/convoyersaver-esite-212x300.jpg 212w, https:\/\/prokone.com\/wp\/wp-content\/uploads\/2020\/12\/convoyersaver-esite-768x1086.jpg 768w, https:\/\/prokone.com\/wp\/wp-content\/uploads\/2020\/12\/convoyersaver-esite-1086x1536.jpg 1086w, https:\/\/prokone.com\/wp\/wp-content\/uploads\/2020\/12\/convoyersaver-esite-1448x2048.jpg 1448w, https:\/\/prokone.com\/wp\/wp-content\/uploads\/2020\/12\/convoyersaver-esite-600x849.jpg 600w, https:\/\/prokone.com\/wp\/wp-content\/uploads\/2020\/12\/convoyersaver-esite-scaled.jpg 1810w\" sizes=\"(max-width: 724px) 100vw, 724px\" \/><\/figure>\n<\/div>\n<\/div>\n<\/div><\/div>\n\n\n\n<p><\/p>\n\n\n\n<h3><strong>SPARE PARTS AND COMPONENTS SUPPLY<\/strong><\/h3>\n\n\n\n<p>We supply spare parts and components for machine tools. Our goal is to find an affordable solution for our customers with fast delivery time. We strive to provide original, equivalent to original or better parts. We also replace obsolete parts with modern but equivalent parts to keep our customers&#8217; machines in production longer and more reliable. We have the ability to manufacture hard-to-reach or otherwise problematic mechanical parts.<\/p>\n","protected":false},"excerpt":{"rendered":"<p>OUR REPRESENTATIVE PRODUCTS: Jarrer-ty\u00f6tilavalaisimet Dropsa-voiteluj\u00e4rjestelm\u00e4t Q-Light Valomastot Convoyer Saver SPARE PARTS AND COMPONENTS SUPPLY We supply spare parts and components for machine tools. Our goal&hellip;<\/p>\n","protected":false},"author":1,"featured_media":0,"parent":0,"menu_order":0,"comment_status":"closed","ping_status":"closed","template":"","meta":[],"_links":{"self":[{"href":"https:\/\/prokone.com\/wp\/index.php?rest_route=\/wp\/v2\/pages\/93"}],"collection":[{"href":"https:\/\/prokone.com\/wp\/index.php?rest_route=\/wp\/v2\/pages"}],"about":[{"href":"https:\/\/prokone.com\/wp\/index.php?rest_route=\/wp\/v2\/types\/page"}],"author":[{"embeddable":true,"href":"https:\/\/prokone.com\/wp\/index.php?rest_route=\/wp\/v2\/users\/1"}],"replies":[{"embeddable":true,"href":"https:\/\/prokone.com\/wp\/index.php?rest_route=%2Fwp%2Fv2%2Fcomments&post=93"}],"version-history":[{"count":6,"href":"https:\/\/prokone.com\/wp\/index.php?rest_route=\/wp\/v2\/pages\/93\/revisions"}],"predecessor-version":[{"id":3274,"href":"https:\/\/prokone.com\/wp\/index.php?rest_route=\/wp\/v2\/pages\/93\/revisions\/3274"}],"wp:attachment":[{"href":"https:\/\/prokone.com\/wp\/index.php?rest_route=%2Fwp%2Fv2%2Fmedia&parent=93"}],"curies":[{"name":"wp","href":"https:\/\/api.w.org\/{rel}","templated":true}]}}