{"id":91,"date":"2020-09-08T16:25:07","date_gmt":"2020-09-08T16:25:07","guid":{"rendered":"http:\/\/prokone.com\/wp\/?page_id=91"},"modified":"2025-08-31T08:12:44","modified_gmt":"2025-08-31T06:12:44","slug":"tuotteet","status":"publish","type":"page","link":"https:\/\/prokone.com\/wp\/?page_id=91","title":{"rendered":"Tuotteet"},"content":{"rendered":"\n<h3><strong>EDUSTAMIAMME TUOTEMERKKEJ\u00c4<\/strong><\/h3>\n\n\n\n<div class=\"wp-container-1 wp-block-group\"><div class=\"wp-block-group__inner-container\">\n<div class=\"wp-block-columns\">\n<div class=\"wp-block-column\">\n<div style=\"height:103px\" aria-hidden=\"true\" class=\"wp-block-spacer\"><\/div>\n\n\n\n<h3>Jarrer-ty\u00f6tilavalaisimet<\/h3>\n\n\n\n<figure class=\"wp-block-image size-large\"><img loading=\"lazy\" width=\"156\" height=\"72\" src=\"https:\/\/prokone.com\/wp\/wp-content\/uploads\/2020\/12\/jarrer1.gif\" alt=\"\" class=\"wp-image-1859\"\/><\/figure>\n\n\n\n<div style=\"height:104px\" aria-hidden=\"true\" class=\"wp-block-spacer\"><\/div>\n\n\n\n<h3>Dropsa-voiteluj\u00e4rjestelm\u00e4t<\/h3>\n\n\n\n<figure class=\"wp-block-image size-large\"><img loading=\"lazy\" width=\"900\" height=\"164\" src=\"https:\/\/prokone.com\/wp\/wp-content\/uploads\/2020\/12\/dropsa.jpg\" alt=\"\" class=\"wp-image-1860\" srcset=\"https:\/\/prokone.com\/wp\/wp-content\/uploads\/2020\/12\/dropsa.jpg 900w, https:\/\/prokone.com\/wp\/wp-content\/uploads\/2020\/12\/dropsa-300x55.jpg 300w, https:\/\/prokone.com\/wp\/wp-content\/uploads\/2020\/12\/dropsa-768x140.jpg 768w, https:\/\/prokone.com\/wp\/wp-content\/uploads\/2020\/12\/dropsa-600x109.jpg 600w\" sizes=\"(max-width: 900px) 100vw, 900px\" \/><\/figure>\n\n\n\n<div style=\"height:54px\" aria-hidden=\"true\" class=\"wp-block-spacer\"><\/div>\n<\/div>\n\n\n\n<div class=\"wp-block-column\">\n<h3>Q-Light Valomastot<\/h3>\n\n\n\n<figure class=\"wp-block-image size-large\"><img loading=\"lazy\" width=\"133\" height=\"43\" src=\"https:\/\/prokone.com\/wp\/wp-content\/uploads\/2020\/12\/Q_Light_C.jpg.jpg\" alt=\"\" class=\"wp-image-1854\"\/><\/figure>\n\n\n\n<figure class=\"wp-block-image size-large\"><img loading=\"lazy\" width=\"227\" height=\"222\" src=\"https:\/\/prokone.com\/wp\/wp-content\/uploads\/2020\/12\/Q-LIGHT.jpg\" alt=\"\" class=\"wp-image-1853\"\/><\/figure>\n\n\n\n<h3>Convoyer Saver<\/h3>\n\n\n\n<figure class=\"wp-block-image size-large\"><img loading=\"lazy\" width=\"724\" height=\"1024\" src=\"https:\/\/prokone.com\/wp\/wp-content\/uploads\/2020\/12\/convoyersaver-esite-724x1024.jpg\" alt=\"\" class=\"wp-image-1861\" srcset=\"https:\/\/prokone.com\/wp\/wp-content\/uploads\/2020\/12\/convoyersaver-esite-724x1024.jpg 724w, https:\/\/prokone.com\/wp\/wp-content\/uploads\/2020\/12\/convoyersaver-esite-212x300.jpg 212w, https:\/\/prokone.com\/wp\/wp-content\/uploads\/2020\/12\/convoyersaver-esite-768x1086.jpg 768w, https:\/\/prokone.com\/wp\/wp-content\/uploads\/2020\/12\/convoyersaver-esite-1086x1536.jpg 1086w, https:\/\/prokone.com\/wp\/wp-content\/uploads\/2020\/12\/convoyersaver-esite-1448x2048.jpg 1448w, https:\/\/prokone.com\/wp\/wp-content\/uploads\/2020\/12\/convoyersaver-esite-600x849.jpg 600w, https:\/\/prokone.com\/wp\/wp-content\/uploads\/2020\/12\/convoyersaver-esite-scaled.jpg 1810w\" sizes=\"(max-width: 724px) 100vw, 724px\" \/><\/figure>\n<\/div>\n<\/div>\n<\/div><\/div>\n\n\n\n<p><\/p>\n\n\n\n<h3><strong>VARAOSIEN JA KOMPONENTTIEN TOIMITUS<\/strong><\/h3>\n\n\n\n<p>Toimitamme varaosia ja komponentteja ty\u00f6st\u00f6koneisiin. Tavoitteemme on etsi\u00e4 asiakkaillemme nopealla toimitusajalla edullinen ratkaisu. Pyrimme tarjoamaan alkuper\u00e4isi\u00e4, alkuper\u00e4isi\u00e4 vastaavia tai niit\u00e4 parempia osia. Sovellamme my\u00f6s vanhojen ja ep\u00e4kuranttien osien tilalle nykyaikaisia vastaavia osia, jotta asiakkaamme koneet pysyisiv\u00e4t tuotannossa pidemp\u00e4\u00e4n ja luotettavampana. Meill\u00e4 on mahdollisuus valmistuttaa vaikeasti saatavat tai muuten ongelmalliset mekaaniset osat.<\/p>\n","protected":false},"excerpt":{"rendered":"<p>EDUSTAMIAMME TUOTEMERKKEJ\u00c4 Jarrer-ty\u00f6tilavalaisimet Dropsa-voiteluj\u00e4rjestelm\u00e4t Q-Light Valomastot Convoyer Saver VARAOSIEN JA KOMPONENTTIEN TOIMITUS Toimitamme varaosia ja komponentteja ty\u00f6st\u00f6koneisiin. Tavoitteemme on etsi\u00e4 asiakkaillemme nopealla toimitusajalla edullinen ratkaisu.&hellip;<\/p>\n","protected":false},"author":1,"featured_media":0,"parent":0,"menu_order":0,"comment_status":"closed","ping_status":"closed","template":"","meta":[],"_links":{"self":[{"href":"https:\/\/prokone.com\/wp\/index.php?rest_route=\/wp\/v2\/pages\/91"}],"collection":[{"href":"https:\/\/prokone.com\/wp\/index.php?rest_route=\/wp\/v2\/pages"}],"about":[{"href":"https:\/\/prokone.com\/wp\/index.php?rest_route=\/wp\/v2\/types\/page"}],"author":[{"embeddable":true,"href":"https:\/\/prokone.com\/wp\/index.php?rest_route=\/wp\/v2\/users\/1"}],"replies":[{"embeddable":true,"href":"https:\/\/prokone.com\/wp\/index.php?rest_route=%2Fwp%2Fv2%2Fcomments&post=91"}],"version-history":[{"count":8,"href":"https:\/\/prokone.com\/wp\/index.php?rest_route=\/wp\/v2\/pages\/91\/revisions"}],"predecessor-version":[{"id":3275,"href":"https:\/\/prokone.com\/wp\/index.php?rest_route=\/wp\/v2\/pages\/91\/revisions\/3275"}],"wp:attachment":[{"href":"https:\/\/prokone.com\/wp\/index.php?rest_route=%2Fwp%2Fv2%2Fmedia&parent=91"}],"curies":[{"name":"wp","href":"https:\/\/api.w.org\/{rel}","templated":true}]}}