{"id":87,"date":"2020-09-08T16:23:19","date_gmt":"2020-09-08T16:23:19","guid":{"rendered":"http:\/\/prokone.com\/wp\/?page_id=87"},"modified":"2025-08-31T08:00:40","modified_gmt":"2025-08-31T06:00:40","slug":"palvelut","status":"publish","type":"page","link":"https:\/\/prokone.com\/wp\/?page_id=87","title":{"rendered":"Palvelut"},"content":{"rendered":"\n<p><strong>HUOLTO JA KUNNOSSAPITO<\/strong><\/p>\n\n\n\n<p>PROKONE Oy tarjoaa asiakkailleen omia resurssejaan k\u00e4ytt\u00e4en sek\u00e4 yhteisty\u00f6kumppaneiden avulla koko Suomen kattavaa metallinty\u00f6st\u00f6koneiden kunnossapito- ja huoltopalvelua. Elektroniikka, s\u00e4hk\u00f6-, mekaniikka-, konerikko- ja m\u00e4\u00e4r\u00e4aikaishuollot, merkeist\u00e4 ja malleista riippumatta, yhteydenotto meihin riitt\u00e4\u00e4. Erikoisalaamme ovat:<\/p>\n\n\n\n<ul><li>CNC-sorvien, ty\u00f6st\u00f6keskuksien, jyrsinkoneiden ja muiden ty\u00f6st\u00f6koneiden huollot, korjaukset, muutosty\u00f6t ja automaatiosovellukset<\/li><li>S\u00e4rm\u00e4yspuristimien, levyty\u00f6keskuksien, levyleikkureiden, sek\u00e4 erillisten CNC-takavasteiden huollot, korjaukset ja retrofittaukset<\/li><li>Ty\u00f6st\u00f6koneiden mekaaniset korjaukset, geometriset tarkistukset ja s\u00e4\u00e4d\u00f6t sek\u00e4 vaaitukset<\/li><\/ul>\n\n\n\n<div class=\"wp-block-image\"><figure class=\"aligncenter size-large is-resized\"><img loading=\"lazy\" src=\"https:\/\/prokone.com\/wp\/wp-content\/uploads\/2020\/08\/palvelut1.jpg\" alt=\"\" class=\"wp-image-22\" width=\"282\" height=\"376\" srcset=\"https:\/\/prokone.com\/wp\/wp-content\/uploads\/2020\/08\/palvelut1.jpg 480w, https:\/\/prokone.com\/wp\/wp-content\/uploads\/2020\/08\/palvelut1-225x300.jpg 225w, https:\/\/prokone.com\/wp\/wp-content\/uploads\/2020\/08\/palvelut1-416x555.jpg 416w\" sizes=\"(max-width: 282px) 100vw, 282px\" \/><\/figure><\/div>\n\n\n\n<p><br><strong>TY\u00d6ST\u00d6KONEIDEN MODERNISOINTI<\/strong><\/p>\n\n\n\n<p>Jos CNC-kone on mekaanisesti hyv\u00e4ss\u00e4 kunnossa, mutta ohjaus on vioittunut tai vanhentunut, koneen modernisointi on varteenotettava vaihtoehto. Modernisointi k\u00e4sitt\u00e4\u00e4 ohjauksen, servomoottoreiden, servo-ohjaimien ja karak\u00e4ytt\u00f6jen vaihtamisen uusiin, joko osittain tai kokonaan. Modernisoimalla saadaan nykyaikaisia ohjaustoimintoja sek\u00e4 lis\u00e4ominaisuuksia murto-osalla uuden ty\u00f6st\u00f6koneen hinnasta.<\/p>\n\n\n\n<p><strong>TY\u00d6ST\u00d6KONEIDEN PERUSKORJAUS<\/strong><\/p>\n\n\n\n<p>Mekaanisesti peruskorjaamalla ty\u00f6st\u00f6koneen saa takaisin osittain, ellei kokonaan, alkuper\u00e4iset tarkkuudet. Peruskorjaaminen k\u00e4sitt\u00e4\u00e4 koneen t\u00e4rkeimpien mekaanisten osien l\u00e4pik\u00e4ymisen ja s\u00e4\u00e4t\u00e4misen sek\u00e4 mahdollisen vaihtamisen tai korjaamisen. Peruskorjaamisessa k\u00e4yd\u00e4\u00e4n l\u00e4pi mm. laakerointi, voiteluj\u00e4rjestelm\u00e4, johdepinnat, tiivisteet ja johdepyyhkij\u00e4t, kuularuuvit, hydrauliikka, vetohihnat, akseliservon ja karamoottorin yhdysosat. Peruskorjaamisen j\u00e4lkeen s\u00e4\u00e4det\u00e4\u00e4n vaaitus ja geometria valmistajan p\u00f6yt\u00e4kirjan mukaan.<\/p>\n\n\n\n<div class=\"wp-block-image\"><figure class=\"aligncenter size-large is-resized\"><img loading=\"lazy\" src=\"https:\/\/prokone.com\/wp\/wp-content\/uploads\/2020\/12\/kararemontti-600x450.jpg\" alt=\"Kararemontti\" width=\"388\" height=\"291\"\/><\/figure><\/div>\n\n\n\n<p><strong>KONEIDEN SIIRROT, ASENNUKSET JA YL\u00d6SAJOT<\/strong><\/p>\n\n\n\n<p>Tehtaassa tulee tilanteita, ett\u00e4 kone tai koneita pit\u00e4\u00e4 siirt\u00e4\u00e4, joko tehtaan sis\u00e4ll\u00e4 tai tehtaasta toiseen. T\u00e4m\u00e4 tapahtuu useimmille koneista ainakin kerran ensiasennuksen j\u00e4lkeen. Prokone Oy:n mekaanikot ja s\u00e4hk\u00f6asentajat sek\u00e4 kanssamme yhteisty\u00f6ss\u00e4 toimivat kuljettamisen ammattilaiset tekev\u00e4t koneiden siirrot vankalla ammattitaidolla ja kokemuksella. Suoritamme purkamisen, siirron, kuljetuksen, asennuksen ja yl\u00f6sajon asiakkaan toiveiden mukaan, jotta koneet saadaan j\u00e4lleen tuotantoon mahdollisimman nopeasti.<\/p>\n\n\n\n<div class=\"wp-block-image\"><figure class=\"aligncenter size-large is-resized\"><img loading=\"lazy\" src=\"https:\/\/prokone.com\/wp\/wp-content\/uploads\/2020\/12\/koneensiirto.jpg\" alt=\"\" width=\"353\" height=\"342\"\/><\/figure><\/div>\n\n\n\n<p><strong>AUTOMATISOINTI<\/strong><\/p>\n\n\n\n<p>Sovellamme ty\u00f6st\u00f6koneisiin automaattista kappaleiden k\u00e4sittely\u00e4, ty\u00f6kappaleiden tarkistuksia, sy\u00f6tt\u00f6laitteita, lis\u00e4toimintoja ja turvallisuuteen liittyvi\u00e4 muutost\u00f6it\u00e4. Yhteisty\u00f6kumppaneitamme ovat useat Suomessa ja ulkomailla toimivat valmistajat ja toimittajat, joiden avulla pystymme toimittamaan asiakkaillemme juuri heille sopivan sovelluksen. Myymme, asennamme ja huollamme HURCO AUTOBEND -s\u00e4rm\u00e4yspuristimien CNC-takavaste- ja kulmans\u00e4\u00e4t\u00f6ohjauksia.<\/p>\n\n\n\n<div class=\"wp-block-image\"><figure class=\"aligncenter size-large is-resized\"><img loading=\"lazy\" src=\"https:\/\/prokone.com\/wp\/wp-content\/uploads\/2020\/12\/unitronics.jpg\" alt=\"Unitronics tuoteperhe\" width=\"350\" height=\"194\"\/><\/figure><\/div>\n\n\n\n<p><strong>L\u00c4MP\u00d6KAMERAKUVAUS<\/strong><\/p>\n\n\n\n<p><strong>Prokone Oy<\/strong> suorittaa laitteistojen ja kojeistojen l\u00e4mp\u00f6kamerakuvauksia. L\u00e4mp\u00f6kamerakuvien perusteella voidaan arvioida laitteiston kuntoa ja havaita esimerkiksi l\u00e4mp\u00f6tilamuutosten perusteella mahdollisia tulevia vikatapauksia ennakolta. L\u00e4mp\u00f6kamerakuvauksella voidaan siis s\u00e4\u00e4st\u00e4\u00e4 asiakkaan rahaa sek\u00e4 est\u00e4m\u00e4ll\u00e4 laitteiden hajoamisia ett\u00e4 suuntaamalla huollon resursseja &#8221;tulipalojen sammuttelusta&#8221; pitk\u00e4n t\u00e4ht\u00e4imen huoltosuunnitteluun.&nbsp;<\/p>\n\n\n\n<p><strong>MUUT MITTAUSPALVELUT<\/strong><\/p>\n\n\n\n<p><strong>Prokone Oy<\/strong> tarjoaa uusina palveluina ty\u00f6st\u00f6koneiden <strong>karan jousipaketin vetovoiman \/ <\/strong>vetotangon voiman mittaksia sek\u00e4 hydraulisten ja pneumaattisten pakkojen puristuspaineen mittauksia.<\/p>\n","protected":false},"excerpt":{"rendered":"<p>HUOLTO JA KUNNOSSAPITO PROKONE Oy tarjoaa asiakkailleen omia resurssejaan k\u00e4ytt\u00e4en sek\u00e4 yhteisty\u00f6kumppaneiden avulla koko Suomen kattavaa metallinty\u00f6st\u00f6koneiden kunnossapito- ja huoltopalvelua. Elektroniikka, s\u00e4hk\u00f6-, mekaniikka-, konerikko- ja&hellip;<\/p>\n","protected":false},"author":1,"featured_media":0,"parent":0,"menu_order":0,"comment_status":"closed","ping_status":"closed","template":"","meta":[],"_links":{"self":[{"href":"https:\/\/prokone.com\/wp\/index.php?rest_route=\/wp\/v2\/pages\/87"}],"collection":[{"href":"https:\/\/prokone.com\/wp\/index.php?rest_route=\/wp\/v2\/pages"}],"about":[{"href":"https:\/\/prokone.com\/wp\/index.php?rest_route=\/wp\/v2\/types\/page"}],"author":[{"embeddable":true,"href":"https:\/\/prokone.com\/wp\/index.php?rest_route=\/wp\/v2\/users\/1"}],"replies":[{"embeddable":true,"href":"https:\/\/prokone.com\/wp\/index.php?rest_route=%2Fwp%2Fv2%2Fcomments&post=87"}],"version-history":[{"count":4,"href":"https:\/\/prokone.com\/wp\/index.php?rest_route=\/wp\/v2\/pages\/87\/revisions"}],"predecessor-version":[{"id":3270,"href":"https:\/\/prokone.com\/wp\/index.php?rest_route=\/wp\/v2\/pages\/87\/revisions\/3270"}],"wp:attachment":[{"href":"https:\/\/prokone.com\/wp\/index.php?rest_route=%2Fwp%2Fv2%2Fmedia&parent=87"}],"curies":[{"name":"wp","href":"https:\/\/api.w.org\/{rel}","templated":true}]}}