{"id":82,"date":"2026-01-18T11:58:00","date_gmt":"2026-01-18T09:58:00","guid":{"rendered":"http:\/\/prokone.com\/wp\/?page_id=82"},"modified":"2026-01-18T11:58:37","modified_gmt":"2026-01-18T09:58:37","slug":"etusivu","status":"publish","type":"page","link":"https:\/\/prokone.com\/wp\/?lang=fi","title":{"rendered":"Etusivu"},"content":{"rendered":"\n<div class=\"wp-block-jetpack-slideshow aligncenter\" data-autoplay=\"true\" data-delay=\"3\" data-effect=\"fade\"><div class=\"wp-block-jetpack-slideshow_container swiper-container\"><ul class=\"wp-block-jetpack-slideshow_swiper-wrapper swiper-wrapper\"><li class=\"wp-block-jetpack-slideshow_slide swiper-slide\"><figure><img loading=\"lazy\" width=\"940\" height=\"350\" alt=\"\" class=\"wp-block-jetpack-slideshow_image wp-image-11\" data-id=\"11\" src=\"https:\/\/prokone.com\/wp\/wp-content\/uploads\/2020\/08\/etusivulle.png\" srcset=\"https:\/\/prokone.com\/wp\/wp-content\/uploads\/2020\/08\/etusivulle.png 940w, https:\/\/prokone.com\/wp\/wp-content\/uploads\/2020\/08\/etusivulle-600x223.png 600w, https:\/\/prokone.com\/wp\/wp-content\/uploads\/2020\/08\/etusivulle-300x112.png 300w, https:\/\/prokone.com\/wp\/wp-content\/uploads\/2020\/08\/etusivulle-768x286.png 768w\" sizes=\"(max-width: 940px) 100vw, 940px\" \/><figcaption class=\"wp-block-jetpack-slideshow_caption gallery-caption\">Metalliteollisuuden ongelmien ratkaisija<\/figcaption><\/figure><\/li><li class=\"wp-block-jetpack-slideshow_slide swiper-slide\"><figure><img loading=\"lazy\" width=\"518\" height=\"253\" alt=\"\" class=\"wp-block-jetpack-slideshow_image wp-image-12\" data-id=\"12\" src=\"https:\/\/prokone.com\/wp\/wp-content\/uploads\/2020\/08\/mill_img.jpg\" srcset=\"https:\/\/prokone.com\/wp\/wp-content\/uploads\/2020\/08\/mill_img.jpg 518w, https:\/\/prokone.com\/wp\/wp-content\/uploads\/2020\/08\/mill_img-300x147.jpg 300w, https:\/\/prokone.com\/wp\/wp-content\/uploads\/2020\/08\/mill_img-416x203.jpg 416w\" sizes=\"(max-width: 518px) 100vw, 518px\" \/><figcaption class=\"wp-block-jetpack-slideshow_caption gallery-caption\">Kattava valikoima varaosia<\/figcaption><\/figure><\/li><\/ul><a class=\"wp-block-jetpack-slideshow_button-prev swiper-button-prev swiper-button-white\" role=\"button\"><\/a><a class=\"wp-block-jetpack-slideshow_button-next swiper-button-next swiper-button-white\" role=\"button\"><\/a><a aria-label=\"Pause Slideshow\" class=\"wp-block-jetpack-slideshow_button-pause\" role=\"button\"><\/a><div class=\"wp-block-jetpack-slideshow_pagination swiper-pagination swiper-pagination-white\"><\/div><\/div><\/div>\n\n\n\n<p><strong>PROKONE OY<\/strong> on metalliteollisuuden ongelmien ratkaisija.&nbsp;<\/p>\n\n\n\n<p>Huollamme, korjaamme, automatisoimme sek\u00e4 etsimme ongelmillenne ratkaisut.&nbsp;<\/p>\n\n\n\n<p>Toimimme p\u00e4\u00e4asiassa Suomessa ja erikseen sovittaessa my\u00f6s&nbsp;ulkomailla. Meill\u00e4 on yli 40 vuoden&nbsp;kokemus sek\u00e4 lastuavien-&nbsp;ett\u00e4&nbsp;ohutlevy CNC-ty\u00f6st\u00f6koneiden yll\u00e4pidosta ja automaatiosovelluksista.<\/p>\n","protected":false},"excerpt":{"rendered":"<p>PROKONE OY on metalliteollisuuden ongelmien ratkaisija.&nbsp; Huollamme, korjaamme, automatisoimme sek\u00e4 etsimme ongelmillenne ratkaisut.&nbsp; Toimimme p\u00e4\u00e4asiassa Suomessa ja erikseen sovittaessa my\u00f6s&nbsp;ulkomailla. Meill\u00e4 on yli 40 vuoden&nbsp;kokemus&hellip;<\/p>\n","protected":false},"author":2,"featured_media":0,"parent":0,"menu_order":0,"comment_status":"closed","ping_status":"closed","template":"","meta":[],"_links":{"self":[{"href":"https:\/\/prokone.com\/wp\/index.php?rest_route=\/wp\/v2\/pages\/82"}],"collection":[{"href":"https:\/\/prokone.com\/wp\/index.php?rest_route=\/wp\/v2\/pages"}],"about":[{"href":"https:\/\/prokone.com\/wp\/index.php?rest_route=\/wp\/v2\/types\/page"}],"author":[{"embeddable":true,"href":"https:\/\/prokone.com\/wp\/index.php?rest_route=\/wp\/v2\/users\/2"}],"replies":[{"embeddable":true,"href":"https:\/\/prokone.com\/wp\/index.php?rest_route=%2Fwp%2Fv2%2Fcomments&post=82"}],"version-history":[{"count":6,"href":"https:\/\/prokone.com\/wp\/index.php?rest_route=\/wp\/v2\/pages\/82\/revisions"}],"predecessor-version":[{"id":3278,"href":"https:\/\/prokone.com\/wp\/index.php?rest_route=\/wp\/v2\/pages\/82\/revisions\/3278"}],"wp:attachment":[{"href":"https:\/\/prokone.com\/wp\/index.php?rest_route=%2Fwp%2Fv2%2Fmedia&parent=82"}],"curies":[{"name":"wp","href":"https:\/\/api.w.org\/{rel}","templated":true}]}}