{"id":1824,"date":"2020-12-09T20:13:48","date_gmt":"2020-12-09T18:13:48","guid":{"rendered":"https:\/\/prokone.com\/wp\/?page_id=1824"},"modified":"2020-12-23T18:53:01","modified_gmt":"2020-12-23T16:53:01","slug":"verkkokauppa","status":"publish","type":"page","link":"https:\/\/prokone.com\/wp\/?page_id=1824","title":{"rendered":"Verkkokauppa"},"content":{"rendered":"\n<h4>Tervetuloa Prokone Oy:n verkkokauppaan!<\/h4>\n\n\n\n<p>Voit selata tuotekategorioita oikealta tai k\u00e4ytt\u00e4\u00e4 hakutoimintoa.<\/p>\n\n\n\n<p>Verkkokaupastamme l\u00f6yd\u00e4t mm. ty\u00f6st\u00f6keskusten ohjausten varaosakortit. Kortit voivat olla sek\u00e4 k\u00e4ytettyj\u00e4, korjattuja ett\u00e4 uusia. Pyrimme lis\u00e4\u00e4m\u00e4\u00e4n kaikkien korttien lis\u00e4tietoihin kyseisen kortin kuntoluokituksen. Huomaathan, ett\u00e4 verkkokaupasta saattaa l\u00f6yty\u00e4 samaa korttia useampia yksil\u00f6it\u00e4, korttiyksil\u00f6t on yksil\u00f6ity sarjanumeron perusteella. Kysyth\u00e4n tarvittaessa lis\u00e4tietoja, jos kiinnostuit jostakin verkkokauppamme tuotteesta. <\/p>\n\n\n\n<p>Verkkokauppamme kehittyy jatkuvasti. Kaikilla tuotteilla ei ole viel\u00e4 hintaa verkkokaupassa, voit kysy\u00e4 lis\u00e4tietoja tuotteista, kuin my\u00f6s tuotteen hintaa ottamalla meihin yhteytt\u00e4 s\u00e4hk\u00f6postitse info(a)prokone.com tai puhelimitse +358 45 1314 240<\/p>\n","protected":false},"excerpt":{"rendered":"<p>Tervetuloa Prokone Oy:n verkkokauppaan! Voit selata tuotekategorioita oikealta tai k\u00e4ytt\u00e4\u00e4 hakutoimintoa. Verkkokaupastamme l\u00f6yd\u00e4t mm. ty\u00f6st\u00f6keskusten ohjausten varaosakortit. Kortit voivat olla sek\u00e4 k\u00e4ytettyj\u00e4, korjattuja ett\u00e4 uusia.&hellip;<\/p>\n","protected":false},"author":1,"featured_media":0,"parent":0,"menu_order":0,"comment_status":"closed","ping_status":"closed","template":"","meta":[],"_links":{"self":[{"href":"https:\/\/prokone.com\/wp\/index.php?rest_route=\/wp\/v2\/pages\/1824"}],"collection":[{"href":"https:\/\/prokone.com\/wp\/index.php?rest_route=\/wp\/v2\/pages"}],"about":[{"href":"https:\/\/prokone.com\/wp\/index.php?rest_route=\/wp\/v2\/types\/page"}],"author":[{"embeddable":true,"href":"https:\/\/prokone.com\/wp\/index.php?rest_route=\/wp\/v2\/users\/1"}],"replies":[{"embeddable":true,"href":"https:\/\/prokone.com\/wp\/index.php?rest_route=%2Fwp%2Fv2%2Fcomments&post=1824"}],"version-history":[{"count":3,"href":"https:\/\/prokone.com\/wp\/index.php?rest_route=\/wp\/v2\/pages\/1824\/revisions"}],"predecessor-version":[{"id":3172,"href":"https:\/\/prokone.com\/wp\/index.php?rest_route=\/wp\/v2\/pages\/1824\/revisions\/3172"}],"wp:attachment":[{"href":"https:\/\/prokone.com\/wp\/index.php?rest_route=%2Fwp%2Fv2%2Fmedia&parent=1824"}],"curies":[{"name":"wp","href":"https:\/\/api.w.org\/{rel}","templated":true}]}}