{"id":140,"date":"2020-09-15T19:16:50","date_gmt":"2020-09-15T19:16:50","guid":{"rendered":"https:\/\/prokone.com\/wp\/?page_id=140"},"modified":"2026-04-04T14:09:38","modified_gmt":"2026-04-04T12:09:38","slug":"yhteystiedot","status":"publish","type":"page","link":"https:\/\/prokone.com\/wp\/?page_id=140","title":{"rendered":"Yhteystiedot"},"content":{"rendered":"\n<div class=\"wp-block-columns\">\n<div class=\"wp-block-column\">\n<\/p>\n<p>Prokone Oy &#8211; S\u00e4rkisalo<\/p>\n<p>\n\n\n\n<\/p>\n<ul>\n<li>Huollot ja korjaukset<\/li>\n<li>Varaosat<\/li>\n<li>Valmistus<\/li>\n<li>Taloushallinto<\/li>\n<\/ul>\n<p>\n\n\n\n<div class=\"wp-container-1 wp-block-group\"><div class=\"wp-block-group__inner-container\">\n<div itemprop=\"location\" itemscope itemtype=\"http:\/\/schema.org\/Organization\" class=\"wp-block-jetpack-contact-info\"><\/div>\n<\/div><\/div>\n<\/div>\n\n\n\n<div class=\"wp-block-column\">\n\n\n<\/p>\n\u00a0\n<p>\n\n\n\n<div itemprop=\"location\" itemscope itemtype=\"http:\/\/schema.org\/Organization\" class=\"wp-block-jetpack-contact-info\"><\/div>\n<\/div>\n<\/div>\n\n\n<p>Kaikkiin toimintaamme liittyviss\u00e4 asioissa voit olla yhteydess\u00e4 s\u00e4hk\u00f6postitse osoitteella info@prokone.com<\/p>\n<p>\u00a0<\/p>\n<p>\u00a0<\/p>\n<p>\u00a0<\/p>\n\n\n<\/p>\n\u00a0\n<p>\n\n\n<h3>Henkil\u00f6kohtaiset yhteystiedot<\/h3>\n<p>&nbsp;<\/p>\n<p>Jutta Brown +358 45 131 4240<\/p>\n<p>Leif Brown +358 45 131 4240<\/p>\n\n\n\n\n<p><\/p>\n\n\n\n<\/p>\n<p>S\u00e4hk\u00f6postiosoitteet muotoa etunimi.sukunimi@prokone.com<\/p>\n<p>\n","protected":false},"excerpt":{"rendered":"<p>Prokone Oy &#8211; S\u00e4rkisalo Huollot ja korjaukset Varaosat Valmistus Taloushallinto Kaikkiin toimintaamme liittyviss\u00e4 asioissa voit olla yhteydess\u00e4 s\u00e4hk\u00f6postitse osoitteella info@prokone.com \u00a0 \u00a0 \u00a0 Henkil\u00f6kohtaiset yhteystiedot&hellip;<\/p>\n","protected":false},"author":1,"featured_media":0,"parent":0,"menu_order":0,"comment_status":"closed","ping_status":"closed","template":"","meta":[],"_links":{"self":[{"href":"https:\/\/prokone.com\/wp\/index.php?rest_route=\/wp\/v2\/pages\/140"}],"collection":[{"href":"https:\/\/prokone.com\/wp\/index.php?rest_route=\/wp\/v2\/pages"}],"about":[{"href":"https:\/\/prokone.com\/wp\/index.php?rest_route=\/wp\/v2\/types\/page"}],"author":[{"embeddable":true,"href":"https:\/\/prokone.com\/wp\/index.php?rest_route=\/wp\/v2\/users\/1"}],"replies":[{"embeddable":true,"href":"https:\/\/prokone.com\/wp\/index.php?rest_route=%2Fwp%2Fv2%2Fcomments&post=140"}],"version-history":[{"count":29,"href":"https:\/\/prokone.com\/wp\/index.php?rest_route=\/wp\/v2\/pages\/140\/revisions"}],"predecessor-version":[{"id":3286,"href":"https:\/\/prokone.com\/wp\/index.php?rest_route=\/wp\/v2\/pages\/140\/revisions\/3286"}],"wp:attachment":[{"href":"https:\/\/prokone.com\/wp\/index.php?rest_route=%2Fwp%2Fv2%2Fmedia&parent=140"}],"curies":[{"name":"wp","href":"https:\/\/api.w.org\/{rel}","templated":true}]}}